{"id":1643,"date":"2024-01-30T11:12:04","date_gmt":"2024-01-30T08:12:04","guid":{"rendered":"https:\/\/kmhmakine.com.tr\/?post_type=product&#038;p=1643"},"modified":"2024-01-30T11:12:04","modified_gmt":"2024-01-30T08:12:04","slug":"ch-440-dust-collar","status":"publish","type":"product","link":"https:\/\/kmhmakine.com.tr\/en\/product\/ch-440-dust-collar\/","title":{"rendered":"CH 440 Dust Collar"},"content":{"rendered":"<div class=\"flex flex-grow flex-col max-w-full\">\n<div class=\"min-h-[20px] text-message flex flex-col items-start gap-3 whitespace-pre-wrap break-words [.text-message+&amp;]:mt-5 overflow-x-auto\" data-message-author-role=\"assistant\" data-message-id=\"404cbfbd-8745-48b3-a790-6116f6492e7b\">\n<div class=\"markdown prose w-full break-words dark:prose-invert light\">\n<p>KMH Makine, konik k\u0131r\u0131c\u0131lar ve k\u0131rma-eleme ekipmanlar\u0131 gibi i\u015fleme makinelerinin \u00fcreticisi olarak \u00f6ne \u00e7\u0131kar. \u015eu sebeplerle tercih edilebilir:<\/p>\n<ol>\n<li><strong>Kalite Odakl\u0131 \u00dcretim:<\/strong> \u00dcr\u00fcnlerinde y\u00fcksek kalite standartlar\u0131na odaklan\u0131r ve g\u00fcvenilir makineler sunar.<\/li>\n<li><strong>Teknolojik Uzmanl\u0131k:<\/strong> Son teknolojiyi takip ederek, yenilik\u00e7i ve ileri teknoloji \u00fcr\u00fcnleri sunarlar.<\/li>\n<li><strong>Geni\u015f \u00dcr\u00fcn Yelpazesi:<\/strong> K\u0131r\u0131c\u0131lar, eleme makineleri, y\u0131kama ekipmanlar\u0131 gibi i\u015fleme tesislerinde kullan\u0131lan \u00e7e\u015fitli makineleri kapsayan geni\u015f bir \u00fcr\u00fcn yelpazesi sunarlar.<\/li>\n<li><strong>M\u00fc\u015fteri Odakl\u0131l\u0131k:<\/strong> M\u00fc\u015fteri memnuniyetine odaklanarak, ihtiya\u00e7lar\u0131na uygun \u00e7\u00f6z\u00fcmler sunar ve m\u00fc\u015fteri destek hizmetlerini \u00f6n planda tutarlar.<\/li>\n<li><strong>Deneyim ve G\u00fcvenilirlik:<\/strong> Sekt\u00f6rdeki deneyimleri ve sa\u011flam referanslar\u0131 ile g\u00fcvenilir bir marka konumundad\u0131rlar.<\/li>\n<li><strong>Uygun Fiyat ve Kalite Dengesi:<\/strong> Makinelerinin uygun fiyatl\u0131 olmas\u0131n\u0131n yan\u0131 s\u0131ra, sunduklar\u0131 kaliteyle dikkat \u00e7ekerler.<\/li>\n<li><strong>Sat\u0131\u015f Sonras\u0131 Destek:<\/strong> \u00dcr\u00fcnlerinin montaj\u0131ndan ba\u015flayarak sat\u0131\u015f sonras\u0131 servis ve yedek par\u00e7a deste\u011fi sunarlar, m\u00fc\u015fterilerin makinelerini verimli bir \u015fekilde kullanmalar\u0131n\u0131 sa\u011flarlar.<\/li>\n<\/ol>\n<p>KMH Makine, end\u00fcstriyel i\u015fleme makineleri konusunda g\u00fcvenilir bir marka olarak bilinir ve m\u00fc\u015fterilerine kaliteli \u00fcr\u00fcnler sunmaktad\u0131r.<\/p>\n<\/div>\n<\/div>\n<\/div>\n","protected":false},"excerpt":{"rendered":"<div class=\"flex flex-grow flex-col max-w-full\">\n<div class=\"min-h-[20px] text-message flex flex-col items-start gap-3 ...  \n\n","protected":false},"featured_media":1798,"comment_status":"open","ping_status":"closed","template":"","meta":[],"product_cat":[105],"product_tag":[],"class_list":{"0":"post-1643","1":"product","2":"type-product","3":"status-publish","4":"has-post-thumbnail","6":"product_cat-105","8":"first","9":"instock","10":"shipping-taxable","11":"product-type-simple"},"yoast_head":"<!-- This site is optimized with the Yoast SEO plugin v21.7 - https:\/\/yoast.com\/wordpress\/plugins\/seo\/ -->\n<title>CH 440 Dust Collar - KMH Makine<\/title>\n<meta name=\"description\" content=\"CH 440 Dust Collar\" \/>\n<meta name=\"robots\" content=\"index, follow, max-snippet:-1, max-image-preview:large, max-video-preview:-1\" \/>\n<link rel=\"canonical\" href=\"https:\/\/kmhmakine.com.tr\/en\/product\/ch-440-dust-collar\/\" \/>\n<meta property=\"og:locale\" content=\"en_US\" \/>\n<meta property=\"og:type\" content=\"article\" \/>\n<meta property=\"og:title\" content=\"CH 440 Dust Collar - KMH Makine\" \/>\n<meta property=\"og:description\" content=\"CH 440 Dust Collar\" \/>\n<meta property=\"og:url\" content=\"https:\/\/kmhmakine.com.tr\/en\/product\/ch-440-dust-collar\/\" \/>\n<meta property=\"og:site_name\" content=\"KMH Makine\" \/>\n<meta property=\"og:image\" content=\"https:\/\/kmhmakine.com.tr\/en\/wp-content\/uploads\/2023\/12\/Dust-Collar-\u2013-Toz-Halkasi.jpg\" \/>\n\t<meta property=\"og:image:width\" content=\"600\" \/>\n\t<meta property=\"og:image:height\" content=\"600\" \/>\n\t<meta property=\"og:image:type\" content=\"image\/jpeg\" \/>\n<meta name=\"twitter:card\" content=\"summary_large_image\" \/>\n<meta name=\"twitter:label1\" content=\"Est. reading time\" \/>\n\t<meta name=\"twitter:data1\" content=\"1 minute\" \/>\n<script type=\"application\/ld+json\" class=\"yoast-schema-graph\">{\"@context\":\"https:\/\/schema.org\",\"@graph\":[{\"@type\":\"WebPage\",\"@id\":\"https:\/\/kmhmakine.com.tr\/en\/product\/ch-440-dust-collar\/\",\"url\":\"https:\/\/kmhmakine.com.tr\/en\/product\/ch-440-dust-collar\/\",\"name\":\"CH 440 Dust Collar - KMH Makine\",\"isPartOf\":{\"@id\":\"https:\/\/kmhmakine.com.tr\/en\/#website\"},\"datePublished\":\"2024-01-30T08:12:04+00:00\",\"dateModified\":\"2024-01-30T08:12:04+00:00\",\"description\":\"CH 440 Dust Collar\",\"breadcrumb\":{\"@id\":\"https:\/\/kmhmakine.com.tr\/en\/product\/ch-440-dust-collar\/#breadcrumb\"},\"inLanguage\":\"en-US\",\"potentialAction\":[{\"@type\":\"ReadAction\",\"target\":[\"https:\/\/kmhmakine.com.tr\/en\/product\/ch-440-dust-collar\/\"]}]},{\"@type\":\"BreadcrumbList\",\"@id\":\"https:\/\/kmhmakine.com.tr\/en\/product\/ch-440-dust-collar\/#breadcrumb\",\"itemListElement\":[{\"@type\":\"ListItem\",\"position\":1,\"name\":\"Home\",\"item\":\"https:\/\/kmhmakine.com.tr\/en\/\"},{\"@type\":\"ListItem\",\"position\":2,\"name\":\"Shop\",\"item\":\"https:\/\/kmhmakine.com.tr\/en\/?page_id=154\"},{\"@type\":\"ListItem\",\"position\":3,\"name\":\"CH 440 Dust Collar\"}]},{\"@type\":\"WebSite\",\"@id\":\"https:\/\/kmhmakine.com.tr\/en\/#website\",\"url\":\"https:\/\/kmhmakine.com.tr\/en\/\",\"name\":\"KMH Makine\",\"description\":\"\",\"potentialAction\":[{\"@type\":\"SearchAction\",\"target\":{\"@type\":\"EntryPoint\",\"urlTemplate\":\"https:\/\/kmhmakine.com.tr\/en\/?s={search_term_string}\"},\"query-input\":\"required name=search_term_string\"}],\"inLanguage\":\"en-US\"}]}<\/script>\n<!-- \/ Yoast SEO plugin. -->","yoast_head_json":{"title":"CH 440 Dust Collar - KMH Makine","description":"CH 440 Dust Collar","robots":{"index":"index","follow":"follow","max-snippet":"max-snippet:-1","max-image-preview":"max-image-preview:large","max-video-preview":"max-video-preview:-1"},"canonical":"https:\/\/kmhmakine.com.tr\/en\/product\/ch-440-dust-collar\/","og_locale":"en_US","og_type":"article","og_title":"CH 440 Dust Collar - KMH Makine","og_description":"CH 440 Dust Collar","og_url":"https:\/\/kmhmakine.com.tr\/en\/product\/ch-440-dust-collar\/","og_site_name":"KMH Makine","og_image":[{"width":600,"height":600,"url":"https:\/\/kmhmakine.com.tr\/en\/wp-content\/uploads\/2023\/12\/Dust-Collar-\u2013-Toz-Halkasi.jpg","type":"image\/jpeg"}],"twitter_card":"summary_large_image","twitter_misc":{"Est. reading time":"1 minute"},"schema":{"@context":"https:\/\/schema.org","@graph":[{"@type":"WebPage","@id":"https:\/\/kmhmakine.com.tr\/en\/product\/ch-440-dust-collar\/","url":"https:\/\/kmhmakine.com.tr\/en\/product\/ch-440-dust-collar\/","name":"CH 440 Dust Collar - KMH Makine","isPartOf":{"@id":"https:\/\/kmhmakine.com.tr\/en\/#website"},"datePublished":"2024-01-30T08:12:04+00:00","dateModified":"2024-01-30T08:12:04+00:00","description":"CH 440 Dust Collar","breadcrumb":{"@id":"https:\/\/kmhmakine.com.tr\/en\/product\/ch-440-dust-collar\/#breadcrumb"},"inLanguage":"en-US","potentialAction":[{"@type":"ReadAction","target":["https:\/\/kmhmakine.com.tr\/en\/product\/ch-440-dust-collar\/"]}]},{"@type":"BreadcrumbList","@id":"https:\/\/kmhmakine.com.tr\/en\/product\/ch-440-dust-collar\/#breadcrumb","itemListElement":[{"@type":"ListItem","position":1,"name":"Home","item":"https:\/\/kmhmakine.com.tr\/en\/"},{"@type":"ListItem","position":2,"name":"Shop","item":"https:\/\/kmhmakine.com.tr\/en\/?page_id=154"},{"@type":"ListItem","position":3,"name":"CH 440 Dust Collar"}]},{"@type":"WebSite","@id":"https:\/\/kmhmakine.com.tr\/en\/#website","url":"https:\/\/kmhmakine.com.tr\/en\/","name":"KMH Makine","description":"","potentialAction":[{"@type":"SearchAction","target":{"@type":"EntryPoint","urlTemplate":"https:\/\/kmhmakine.com.tr\/en\/?s={search_term_string}"},"query-input":"required name=search_term_string"}],"inLanguage":"en-US"}]}},"_links":{"self":[{"href":"https:\/\/kmhmakine.com.tr\/en\/wp-json\/wp\/v2\/product\/1643","targetHints":{"allow":["GET"]}}],"collection":[{"href":"https:\/\/kmhmakine.com.tr\/en\/wp-json\/wp\/v2\/product"}],"about":[{"href":"https:\/\/kmhmakine.com.tr\/en\/wp-json\/wp\/v2\/types\/product"}],"replies":[{"embeddable":true,"href":"https:\/\/kmhmakine.com.tr\/en\/wp-json\/wp\/v2\/comments?post=1643"}],"version-history":[{"count":2,"href":"https:\/\/kmhmakine.com.tr\/en\/wp-json\/wp\/v2\/product\/1643\/revisions"}],"predecessor-version":[{"id":2520,"href":"https:\/\/kmhmakine.com.tr\/en\/wp-json\/wp\/v2\/product\/1643\/revisions\/2520"}],"wp:featuredmedia":[{"embeddable":true,"href":"https:\/\/kmhmakine.com.tr\/en\/wp-json\/wp\/v2\/media\/1798"}],"wp:attachment":[{"href":"https:\/\/kmhmakine.com.tr\/en\/wp-json\/wp\/v2\/media?parent=1643"}],"wp:term":[{"taxonomy":"product_cat","embeddable":true,"href":"https:\/\/kmhmakine.com.tr\/en\/wp-json\/wp\/v2\/product_cat?post=1643"},{"taxonomy":"product_tag","embeddable":true,"href":"https:\/\/kmhmakine.com.tr\/en\/wp-json\/wp\/v2\/product_tag?post=1643"}],"curies":[{"name":"wp","href":"https:\/\/api.w.org\/{rel}","templated":true}]}}